{"id":7885,"date":"2018-01-25T16:15:38","date_gmt":"2018-01-25T15:15:38","guid":{"rendered":"http:\/\/www.osya.fr\/?page_id=7885"},"modified":"2018-02-02T11:49:43","modified_gmt":"2018-02-02T10:49:43","slug":"devis","status":"publish","type":"page","link":"https:\/\/www.osya.fr\/nouveau\/devis\/","title":{"rendered":"DEVIS"},"content":{"rendered":"<p>[vc_row][vc_column]<div class=\"edgtf-iwt clearfix edgtf-iwt-icon-top edgtf-iwt-flip-enabled-yes edgtf-iwt-icon-large\">\n    <div class=\"edgtf-iwt-icon-holder\">\n                    \n    <span class=\"edgtf-icon-shortcode circle edgtf-icon-large\"  data-color=\"#008ed6\">\n        \n        <i class=\"edgtf-icon-font-awesome fa fa-check-circle edgtf-icon-element\" style=\"color: #008ed6\" ><\/i>\n            <\/span>\n\n            <\/div>\n    <div class=\"edgtf-iwt-content-holder\" >\n        <div class=\"edgtf-iwt-title-holder\">\n            <h5 ><\/h5>\n        <\/div>\n        <div class=\"edgtf-iwt-text-holder\">\n            <p ><\/p>\n\n                    <\/div>\n    <\/div>\n<\/div>[\/vc_column][\/vc_row][vc_row][vc_column][vc_column_text]<\/p>\n<p>[\/vc_column_text][\/vc_column][\/vc_row][vc_row][vc_column][vc_column_text]<\/p>\n<h1 style=\"text-align: center;\"><b>LES D\u00c9MARCHES<br \/>\nPOUR CHAQUE PROJETS<\/b><\/h1>\n<p>[\/vc_column_text][vc_empty_space][vc_column_text]<\/p>\n<p style=\"text-align: center;\">Prise de brief &amp; chiffrage<br \/>\nProposition &amp; signature du devis<br \/>\nTransmission des \u00e9l\u00e9ments (contenus textes, photos, illustrations&#8230;)<br \/>\nPr\u00e9sentation de la maquette<br \/>\nCorrections (jusqu\u2019\u00e0 3 retours)<br \/>\nBon \u00e0 tirer (BAT) : relecture et validation finale<br \/>\nEx\u00e9cution des fichiers &amp; transmission des fichiers ou supports<\/p>\n<p>[\/vc_column_text][\/vc_column][\/vc_row][vc_row content_aligment=\u00a0\u00bbcenter\u00a0\u00bb][vc_column][vc_empty_space]<div class=\"edgtf-iwt clearfix edgtf-iwt-icon-top edgtf-iwt-flip-enabled-yes edgtf-iwt-icon-large\">\n    <div class=\"edgtf-iwt-icon-holder\">\n                    \n    <span class=\"edgtf-icon-shortcode circle edgtf-icon-large\"  data-color=\"#008ed6\">\n        \n        <i class=\"edgtf-icon-font-awesome fa fa-check-circle edgtf-icon-element\" style=\"color: #008ed6\" ><\/i>\n            <\/span>\n\n            <\/div>\n    <div class=\"edgtf-iwt-content-holder\" >\n        <div class=\"edgtf-iwt-title-holder\">\n            <h5 ><\/h5>\n        <\/div>\n        <div class=\"edgtf-iwt-text-holder\">\n            <p ><\/p>\n\n                    <\/div>\n    <\/div>\n<\/div>[vc_column_text]<\/p>\n<h1 style=\"text-align: center;\"><strong>DEMANDEZ VOTRE DEVIS !<\/strong><\/h1>\n<p>[\/vc_column_text][vc_empty_space height=\u00a0\u00bb20px\u00a0\u00bb][vc_column_text]<\/p>\n<h3 style=\"text-align: center;\">Communiquez-nous quelques informations<\/h3>\n<h3 style=\"text-align: center;\">afin d&rsquo;analyser l&rsquo;ensemble de votre projet<\/h3>\n<h3 style=\"text-align: center;\">et vous fournir un devis d\u00e9taill\u00e9 correspondant au maximum \u00e0 vos attentes.<\/h3>\n<p>[\/vc_column_text][vc_empty_space height=\u00a0\u00bb27px\u00a0\u00bb]<a href=\"http:\/\/www.osya.fr\/contact\/\" target=\"_self\"  class=\"edgtf-btn edgtf-btn-large edgtf-btn-solid edgtf-btn-custom-hover-color\" data-hover-color=\"#ffffff\" >\n    <span class=\"edgtf-btn-text\">Devis Gratuit<\/span>\n    <\/a><div class=\"edgtf-elements-holder-item \"  >\n\t\t<div class=\"edgtf-elements-holder-item-inner\">\n\t\t<div class=\"edgtf-elements-holder-item-content edgtf-elements-holder-custom-536007\" style=\"padding: 0% 0% 0% 5%\">\n\t\t\t\t\t\t\t\t<\/div>\n\t<\/div>\n\t<\/div>[\/vc_column][\/vc_row][vc_row][vc_column][vc_empty_space height=\u00a0\u00bb50px\u00a0\u00bb][\/vc_column][\/vc_row]<\/p>\n","protected":false},"excerpt":{"rendered":"<p>[vc_row][vc_column][\/vc_column][\/vc_row][vc_row][vc_column][vc_column_text] [\/vc_column_text][\/vc_column][\/vc_row][vc_row][vc_column][vc_column_text] LES D\u00c9MARCHES POUR CHAQUE PROJETS [\/vc_column_text][vc_empty_space][vc_column_text] Prise de brief &amp; chiffrage Proposition &amp; signature du devis Transmission des \u00e9l\u00e9ments (contenus textes, photos, illustrations&#8230;) Pr\u00e9sentation de la maquette Corrections (jusqu\u2019\u00e0 3 retours) Bon \u00e0&#8230;<\/p>\n","protected":false},"author":1,"featured_media":0,"parent":0,"menu_order":0,"comment_status":"closed","ping_status":"closed","template":"","meta":[],"_links":{"self":[{"href":"https:\/\/www.osya.fr\/nouveau\/wp-json\/wp\/v2\/pages\/7885"}],"collection":[{"href":"https:\/\/www.osya.fr\/nouveau\/wp-json\/wp\/v2\/pages"}],"about":[{"href":"https:\/\/www.osya.fr\/nouveau\/wp-json\/wp\/v2\/types\/page"}],"author":[{"embeddable":true,"href":"https:\/\/www.osya.fr\/nouveau\/wp-json\/wp\/v2\/users\/1"}],"replies":[{"embeddable":true,"href":"https:\/\/www.osya.fr\/nouveau\/wp-json\/wp\/v2\/comments?post=7885"}],"version-history":[{"count":83,"href":"https:\/\/www.osya.fr\/nouveau\/wp-json\/wp\/v2\/pages\/7885\/revisions"}],"predecessor-version":[{"id":7978,"href":"https:\/\/www.osya.fr\/nouveau\/wp-json\/wp\/v2\/pages\/7885\/revisions\/7978"}],"wp:attachment":[{"href":"https:\/\/www.osya.fr\/nouveau\/wp-json\/wp\/v2\/media?parent=7885"}],"curies":[{"name":"wp","href":"https:\/\/api.w.org\/{rel}","templated":true}]}}