{"id":2388,"date":"2016-08-08T12:21:42","date_gmt":"2016-08-08T12:21:42","guid":{"rendered":"http:\/\/any.edge-themes.com\/?page_id=2388"},"modified":"2023-03-05T14:58:42","modified_gmt":"2023-03-05T13:58:42","slug":"contact","status":"publish","type":"page","link":"https:\/\/www.osya.fr\/nouveau\/contact\/","title":{"rendered":"NE CHERCHEZ PLUS !"},"content":{"rendered":"<p>[vc_row content_aligment=\u00a0\u00bbright\u00a0\u00bb][vc_column]<div class=\"edgtf-elements-holder edgtf-two-columns edgtf-responsive-mode-768\" ><div class=\"edgtf-elements-holder-item \"  >\n\t\t<div class=\"edgtf-elements-holder-item-inner\">\n\t\t<div class=\"edgtf-elements-holder-item-content edgtf-elements-holder-custom-411804\" style=\"padding: 15.6% 1% 15.2% 23%\">\n\t\t\t\t\t\t<style type=\"text\/css\" data-type=\"edgtf-elements-custom-padding\" scoped>\n\t\t\t\t\t\t\t\t\t@media only screen and (min-width: 1280px) and (max-width: 1440px) {\n\t\t\t\t\t\t.edgtf-elements-holder-item-content.edgtf-elements-holder-custom-411804 {\n\t\t\t\t\t\t\tpadding: 16.6% 0% 16% 2% !important;\n\t\t\t\t\t\t}\n\t\t\t\t\t}\n\t\t\t\t\t\t\t\t\t\t\t\t\t\t\t\t\t@media only screen and (min-width: 768px) and (max-width: 1024px) {\n\t\t\t\t\t\t.edgtf-elements-holder-item-content.edgtf-elements-holder-custom-411804 {\n\t\t\t\t\t\t\tpadding: 16.6% 1% 17.2% 2% !important;\n\t\t\t\t\t\t}\n\t\t\t\t\t}\n\t\t\t\t\t\t\t\t\t\t\t\t\t@media only screen and (min-width: 600px) and (max-width: 768px) {\n\t\t\t\t\t\t.edgtf-elements-holder-item-content.edgtf-elements-holder-custom-411804 {\n\t\t\t\t\t\t\tpadding: 8.6% 6% 2.2% 3% !important;\n\t\t\t\t\t\t}\n\t\t\t\t\t}\n\t\t\t\t\t\t\t\t\t\t\t\t\t@media only screen and (min-width: 480px) and (max-width: 600px) {\n\t\t\t\t\t\t.edgtf-elements-holder-item-content.edgtf-elements-holder-custom-411804 {\n\t\t\t\t\t\t\tpadding: 9.6% 12% 2.2% 0%  !important;\n\t\t\t\t\t\t}\n\t\t\t\t\t}\n\t\t\t\t\t\t\t\t\t\t\t\t\t@media only screen and (max-width: 480px) {\n\t\t\t\t\t\t.edgtf-elements-holder-item-content.edgtf-elements-holder-custom-411804 {\n\t\t\t\t\t\t\tpadding: 10.6% 12% 3.2% 7% !important;\n\t\t\t\t\t\t}\n\t\t\t\t\t}\n\t\t\t\t\t\t\t\t<\/style>\n\t\t\t\t\t\t\n<div class=\"edgtf-custom-font-holder\" style=\"font-family: Raleway;font-size: 60px;line-height: 68px;font-weight: 900;letter-spacing: -1px;text-align: right;color: #303030\" data-font-size= 60 data-line-height= 68>\n\tStudio d'Arts Graphiques\t<\/div>[vc_empty_space height=\u00a0\u00bb4px\u00a0\u00bb]\n<div class=\"edgtf-custom-font-holder\" style=\"font-family: Raleway;font-size: 60px;line-height: 68px;font-weight: 900;letter-spacing: -1px;text-align: right;color: #303030\" data-font-size= 60 data-line-height= 68>\n\tet de Design\t<\/div>[vc_empty_space height=\u00a0\u00bb11px\u00a0\u00bb][vc_column_text css=\u00a0\u00bb.vc_custom_1521031516256{padding-left: 20% !important;}\u00a0\u00bb]<\/p>\n<h4 style=\"text-align: right;\">Studio OSYA\u00ae<br \/>\n1bis, All\u00e9e des Fr\u00eanes<br \/>\nSt Andr\u00e9 de la Marche<br \/>\n49450 S\u00c8VREMOINE<\/h4>\n<p>&nbsp;<\/p>\n<h3 style=\"text-align: right;\">T : 06 95 80 41 75<br \/>\nM : contact@osya.fr<br \/>\nW : <a href=\"http:\/\/www.osya.fr\">www.osya.fr<\/a><\/h3>\n<p>[\/vc_column_text][vc_empty_space height=\u00a0\u00bb19px\u00a0\u00bb]\n    <span class=\"edgtf-icon-shortcode normal\" style=\"margin: 0 17px 0 0\" data-hover-color=\"#ababab\">\n                    <a href=\"https:\/\/twitter.com\/osya_creatif\" target=\"_blank\" >\n        \n        <span aria-hidden=\"true\" class=\"edgtf-icon-font-elegant social_twitter edgtf-icon-element\" style=\"font-size:11px\" ><\/span>\n                    <\/a>\n            <\/span>\n\n\n    <span class=\"edgtf-icon-shortcode normal\" style=\"margin: 0 17px 0 0\" data-hover-color=\"#ababab\">\n                    <a href=\"https:\/\/www.facebook.com\/OSYA.FR\" target=\"_blank\" >\n        \n        <span aria-hidden=\"true\" class=\"edgtf-icon-font-elegant social_facebook edgtf-icon-element\" style=\"font-size:11px\" ><\/span>\n                    <\/a>\n            <\/span>\n\n\n    <span class=\"edgtf-icon-shortcode normal\" style=\"margin: 0 17px 0 0\" data-hover-color=\"#ababab\">\n                    <a href=\"https:\/\/www.instagram.com\/osya_creatif\/\" target=\"_blank\" >\n        \n        <span aria-hidden=\"true\" class=\"edgtf-icon-font-elegant social_instagram edgtf-icon-element\" style=\"font-size:11px\" ><\/span>\n                    <\/a>\n            <\/span>\n\n\t\t<\/div>\n\t<\/div>\n\t<\/div><div class=\"edgtf-elements-holder-item \"  >\n\t\t<div class=\"edgtf-elements-holder-item-inner\">\n\t\t<div class=\"edgtf-elements-holder-item-content edgtf-elements-holder-custom-866263\" style=\"padding: 3.85% 31% 1.15% 2.5%\">\n\t\t\t\t\t\t<style type=\"text\/css\" data-type=\"edgtf-elements-custom-padding\" scoped>\n\t\t\t\t\t\t\t\t\t@media only screen and (min-width: 1280px) and (max-width: 1440px) {\n\t\t\t\t\t\t.edgtf-elements-holder-item-content.edgtf-elements-holder-custom-866263 {\n\t\t\t\t\t\t\tpadding: 3.7% 32.5% 0% 2.5%  !important;\n\t\t\t\t\t\t}\n\t\t\t\t\t}\n\t\t\t\t\t\t\t\t\t\t\t\t\t@media only screen and (min-width: 1024px) and (max-width: 1280px) {\n\t\t\t\t\t\t.edgtf-elements-holder-item-content.edgtf-elements-holder-custom-866263 {\n\t\t\t\t\t\t\tpadding: 4.5% 32.5% 0% 2.5% !important;\n\t\t\t\t\t\t}\n\t\t\t\t\t}\n\t\t\t\t\t\t\t\t\t\t\t\t\t@media only screen and (min-width: 768px) and (max-width: 1024px) {\n\t\t\t\t\t\t.edgtf-elements-holder-item-content.edgtf-elements-holder-custom-866263 {\n\t\t\t\t\t\t\tpadding: 5% 32.5% 0% 2.5%  !important;\n\t\t\t\t\t\t}\n\t\t\t\t\t}\n\t\t\t\t\t\t\t\t\t\t\t\t\t@media only screen and (min-width: 600px) and (max-width: 768px) {\n\t\t\t\t\t\t.edgtf-elements-holder-item-content.edgtf-elements-holder-custom-866263 {\n\t\t\t\t\t\t\tpadding: 5% 5.5% 8.5% 5% !important;\n\t\t\t\t\t\t}\n\t\t\t\t\t}\n\t\t\t\t\t\t\t\t\t\t\t\t\t@media only screen and (min-width: 480px) and (max-width: 600px) {\n\t\t\t\t\t\t.edgtf-elements-holder-item-content.edgtf-elements-holder-custom-866263 {\n\t\t\t\t\t\t\tpadding: 5% 11.5% 7.5% 9.8% !important;\n\t\t\t\t\t\t}\n\t\t\t\t\t}\n\t\t\t\t\t\t\t\t\t\t\t\t\t@media only screen and (max-width: 480px) {\n\t\t\t\t\t\t.edgtf-elements-holder-item-content.edgtf-elements-holder-custom-866263 {\n\t\t\t\t\t\t\tpadding: 4% 12% 7% 10.5% !important;\n\t\t\t\t\t\t}\n\t\t\t\t\t}\n\t\t\t\t\t\t\t\t<\/style>\n\t\t\t\t\t\t\n<div class=\"wpcf7 no-js\" id=\"wpcf7-f7400-o1\" lang=\"fr-FR\" dir=\"ltr\">\n<div class=\"screen-reader-response\"><p role=\"status\" aria-live=\"polite\" aria-atomic=\"true\"><\/p> <ul><\/ul><\/div>\n<form action=\"\/nouveau\/wp-json\/wp\/v2\/pages\/2388#wpcf7-f7400-o1\" method=\"post\" class=\"wpcf7-form init cf7_custom_style_2\" aria-label=\"Formulaire de contact\" novalidate=\"novalidate\" data-status=\"init\">\n<div style=\"display: none;\">\n<input type=\"hidden\" name=\"_wpcf7\" value=\"7400\" \/>\n<input type=\"hidden\" name=\"_wpcf7_version\" value=\"5.7.4\" \/>\n<input type=\"hidden\" name=\"_wpcf7_locale\" value=\"fr_FR\" \/>\n<input type=\"hidden\" name=\"_wpcf7_unit_tag\" value=\"wpcf7-f7400-o1\" \/>\n<input type=\"hidden\" name=\"_wpcf7_container_post\" value=\"0\" \/>\n<input type=\"hidden\" name=\"_wpcf7_posted_data_hash\" value=\"\" \/>\n<\/div>\n<p><label> Votre nom (obligatoire)<br \/>\n<span class=\"wpcf7-form-control-wrap\" data-name=\"your-name\"><input size=\"40\" class=\"wpcf7-form-control wpcf7-text wpcf7-validates-as-required\" aria-required=\"true\" aria-invalid=\"false\" value=\"\" type=\"text\" name=\"your-name\" \/><\/span> <\/label>\n<\/p>\n<p><label> Votre e-mail (obligatoire)<br \/>\n<span class=\"wpcf7-form-control-wrap\" data-name=\"your-email\"><input size=\"40\" class=\"wpcf7-form-control wpcf7-text wpcf7-email wpcf7-validates-as-required wpcf7-validates-as-email\" aria-required=\"true\" aria-invalid=\"false\" value=\"\" type=\"email\" name=\"your-email\" \/><\/span> <\/label>\n<\/p>\n<p><label> Sujet<br \/>\n<span class=\"wpcf7-form-control-wrap\" data-name=\"your-subject\"><input size=\"40\" class=\"wpcf7-form-control wpcf7-text\" aria-invalid=\"false\" value=\"\" type=\"text\" name=\"your-subject\" \/><\/span> <\/label>\n<\/p>\n<p><label> Votre message<br \/>\n<span class=\"wpcf7-form-control-wrap\" data-name=\"your-message\"><textarea cols=\"40\" rows=\"10\" class=\"wpcf7-form-control wpcf7-textarea\" aria-invalid=\"false\" name=\"your-message\"><\/textarea><\/span> <\/label>\n<\/p>\n<p><label> S\u00e9curit\u00e9<br \/>\n<span class=\"wpcf7-form-control-wrap kc_captcha\" data-name=\"kc_captcha\"><span class=\"wpcf7-form-control wpcf7-radio\"> \n    <span class=\"captcha-image\" >\n        <span class=\"cf7ic_instructions\">Veuillez prouver que vous \u00eates humain en s\u00e9lectionnant <span> Tasse<\/span>.<\/span><label><input type=\"radio\" name=\"kc_captcha\" value=\"bot\" \/><svg width=\"50\" height=\"50\" aria-hidden=\"true\" role=\"img\" xmlns=\"http:\/\/www.w3.org\/2000\/svg\" viewBox=\"0 0 576 512\"><path fill=\"currentColor\" d=\"M415 24c-53 0-103 42-127 65-24-23-74-65-127-65C70 24 16 77 16 166c0 72 67 133 69 135l187 181c9 8 23 8 32 0l187-180c2-3 69-64 69-136 0-89-54-142-145-142z\"\/><\/svg><\/label><label><input type=\"radio\" name=\"kc_captcha\" value=\"kc_human\" \/><svg width=\"50\" height=\"50\" aria-hidden=\"true\" role=\"img\" xmlns=\"http:\/\/www.w3.org\/2000\/svg\" viewBox=\"0 0 640 512\"><path fill=\"currentColor\" d=\"M192 384h192c53 0 96-43 96-96h32a128 128 0 000-256H120c-13 0-24 11-24 24v232c0 53 43 96 96 96zM512 96a64 64 0 010 128h-32V96h32zm48 384H48c-47 0-61-64-36-64h584c25 0 11 64-36 64z\"\/><\/svg><\/label><label><input type=\"radio\" name=\"kc_captcha\" value=\"bot\" \/><svg width=\"50\" height=\"50\" aria-hidden=\"true\" role=\"img\" xmlns=\"http:\/\/www.w3.org\/2000\/svg\" viewBox=\"0 0 640 512\"><path fill=\"currentColor\" d=\"M624 352h-16V244c0-13-5-25-14-34L494 110c-9-9-21-14-34-14h-44V48c0-26-21-48-48-48H48C22 0 0 22 0 48v320c0 27 22 48 48 48h16a96 96 0 00192 0h128a96 96 0 00192 0h48c9 0 16-7 16-16v-32c0-9-7-16-16-16zM160 464a48 48 0 110-96 48 48 0 010 96zm320 0a48 48 0 110-96 48 48 0 010 96zm80-208H416V144h44l100 100v12z\"\/><\/svg><\/label>\n    <\/span>\n    <span style=\"display:none\">\n        <input type=\"text\" name=\"kc_honeypot\">\n    <\/span><\/span><\/span><br \/>\n<\/label>\n<\/p>\n<p><input class=\"wpcf7-form-control has-spinner wpcf7-submit\" type=\"submit\" value=\"Envoyer\" \/>\n<\/p><div class=\"wpcf7-response-output\" aria-hidden=\"true\"><\/div>\n<\/form>\n<\/div>\n\t\t<\/div>\n\t<\/div>\n\t<\/div><\/div>[\/vc_column][\/vc_row][vc_row animate_rounded_tab=\u00a0\u00bbyes\u00a0\u00bb css=\u00a0\u00bb.vc_custom_1514569403666{padding-top: 0px !important;padding-bottom: 0px !important;}\u00a0\u00bb][vc_column offset=\u00a0\u00bbvc_col-lg-6 vc_col-md-6&Prime;]<div class=\"edgtf-google-map-holder\">\n\t<div class=\"edgtf-google-map\" id=\"edgtf-map-1961416\" data-addresses='[\"1bis, all\u00e9e des Fr\u00eanes, 49450 Saint Andr\u00e9 de la Marche\"]' data-custom-map-style=true data-color-overlay=#0769bf data-saturation=-100 data-lightness=-20 data-zoom=6 data-pin=https:\/\/www.osya.fr\/nouveau\/wp-content\/uploads\/2016\/07\/pin-image-1.png data-unique-id=1961416 data-scroll-wheel=false data-height=600><\/div>\n\t\t\t<div class=\"edgtf-google-map-overlay\"><\/div>\n\t<\/div>\n[\/vc_column][vc_column offset=\u00a0\u00bbvc_col-lg-6 vc_col-md-6&Prime;]<div class=\"edgtf-google-map-holder\">\n\t<div class=\"edgtf-google-map\" id=\"edgtf-map-2773982\" data-addresses='[\"47.105885, -0.994800\"]' data-custom-map-style=true data-color-overlay=#ffffff data-saturation=-100 data-lightness=-10 data-zoom=9 data-pin=https:\/\/www.osya.fr\/nouveau\/wp-content\/uploads\/2016\/07\/pin-image-1.png data-unique-id=2773982 data-scroll-wheel=false data-height=600><\/div>\n\t\t\t<div class=\"edgtf-google-map-overlay\"><\/div>\n\t<\/div>\n[\/vc_column][\/vc_row][vc_row][vc_column][vc_column_text]<\/p>\n<p>&nbsp;<\/p>\n<p>[\/vc_column_text][\/vc_column][\/vc_row][vc_row][vc_column][vc_column_text]<\/p>\n<div class=\"edgtf-google-map-holder\">\n\t<div class=\"edgtf-google-map\" id=\"edgtf-map-1809811\" data-addresses='[\"47.105885, -0.994800\"]' data-custom-map-style=true data-color-overlay=#000000 data-saturation=-100 data-lightness=-10 data-zoom=15 data-pin=https:\/\/www.osya.fr\/nouveau\/wp-content\/uploads\/2016\/07\/pin-image-1.png data-unique-id=1809811 data-scroll-wheel=false data-height=600><\/div>\n\t\t\t<div class=\"edgtf-google-map-overlay\"><\/div>\n\t<\/div>\n[\/vc_column_text][\/vc_column][\/vc_row]<\/p>\n","protected":false},"excerpt":{"rendered":"<p>[vc_row content_aligment=\u00a0\u00bbright\u00a0\u00bb][vc_column][\/vc_column][\/vc_row][vc_row animate_rounded_tab=\u00a0\u00bbyes\u00a0\u00bb css=\u00a0\u00bb.vc_custom_1514569403666{padding-top: 0px !important;padding-bottom: 0px !important;}\u00a0\u00bb][vc_column offset=\u00a0\u00bbvc_col-lg-6 vc_col-md-6&Prime;][\/vc_column][vc_column offset=\u00a0\u00bbvc_col-lg-6 vc_col-md-6&Prime;][\/vc_column][\/vc_row][vc_row][vc_column][vc_column_text] &nbsp; [\/vc_column_text][\/vc_column][\/vc_row][vc_row][vc_column][vc_column_text] [\/vc_column_text][\/vc_column][\/vc_row]<\/p>\n","protected":false},"author":1,"featured_media":0,"parent":0,"menu_order":0,"comment_status":"closed","ping_status":"closed","template":"full-width.php","meta":[],"_links":{"self":[{"href":"https:\/\/www.osya.fr\/nouveau\/wp-json\/wp\/v2\/pages\/2388"}],"collection":[{"href":"https:\/\/www.osya.fr\/nouveau\/wp-json\/wp\/v2\/pages"}],"about":[{"href":"https:\/\/www.osya.fr\/nouveau\/wp-json\/wp\/v2\/types\/page"}],"author":[{"embeddable":true,"href":"https:\/\/www.osya.fr\/nouveau\/wp-json\/wp\/v2\/users\/1"}],"replies":[{"embeddable":true,"href":"https:\/\/www.osya.fr\/nouveau\/wp-json\/wp\/v2\/comments?post=2388"}],"version-history":[{"count":45,"href":"https:\/\/www.osya.fr\/nouveau\/wp-json\/wp\/v2\/pages\/2388\/revisions"}],"predecessor-version":[{"id":18814,"href":"https:\/\/www.osya.fr\/nouveau\/wp-json\/wp\/v2\/pages\/2388\/revisions\/18814"}],"wp:attachment":[{"href":"https:\/\/www.osya.fr\/nouveau\/wp-json\/wp\/v2\/media?parent=2388"}],"curies":[{"name":"wp","href":"https:\/\/api.w.org\/{rel}","templated":true}]}}